{"id":210262,"date":"2023-03-23T19:39:19","date_gmt":"2023-03-23T19:39:19","guid":{"rendered":"https:\/\/belen.mysites.io\/?page_id=210262"},"modified":"2025-07-29T16:59:44","modified_gmt":"2025-07-29T16:59:44","slug":"payment","status":"publish","type":"page","link":"https:\/\/belenlawfirm.com\/es\/payment\/","title":{"rendered":"Realizar un pago"},"content":{"rendered":"","protected":true},"excerpt":{"rendered":"","protected":true},"author":28,"featured_media":211045,"parent":0,"menu_order":0,"comment_status":"closed","ping_status":"closed","template":"","meta":{"footnotes":""},"class_list":["post-210262","page","type-page","status-publish","post-password-required","hentry"],"yoast_head":"<!-- This site is optimized with the Yoast SEO plugin v27.4 - https:\/\/yoast.com\/product\/yoast-seo-wordpress\/ -->\n<title>Make A Payment - Belen Law Firm, PLLC<\/title>\n<meta name=\"description\" content=\"Make a payment to Belen Law Firm via our online portal here. To speak to a criminal lawyer at our firm, call today.\" \/>\n<meta name=\"robots\" content=\"index, follow, max-snippet:-1, max-image-preview:large, max-video-preview:-1\" \/>\n<link rel=\"canonical\" href=\"https:\/\/belenlawfirm.com\/es\/payment\/\" \/>\n<meta property=\"og:locale\" content=\"es_MX\" \/>\n<meta property=\"og:type\" content=\"article\" \/>\n<meta property=\"og:title\" content=\"Make A Payment - Belen Law Firm, PLLC\" \/>\n<meta property=\"og:description\" content=\"Make a payment to Belen Law Firm via our online portal here. To speak to a criminal lawyer at our firm, call today.\" \/>\n<meta property=\"og:url\" content=\"https:\/\/belenlawfirm.com\/es\/payment\/\" \/>\n<meta property=\"og:site_name\" content=\"Belen Law Firm - Criminal Defense Attorney Phoenix\" \/>\n<meta property=\"article:modified_time\" content=\"2025-07-29T16:59:44+00:00\" \/>\n<meta name=\"twitter:card\" content=\"summary_large_image\" \/>\n<meta name=\"twitter:label1\" content=\"Tiempo de lectura\" \/>\n\t<meta name=\"twitter:data1\" content=\"1 minuto\" \/>\n<script type=\"application\/ld+json\" class=\"yoast-schema-graph\">{\"@context\":\"https:\\\/\\\/schema.org\",\"@graph\":[{\"@type\":\"WebPage\",\"@id\":\"https:\\\/\\\/belenlawfirm.com\\\/payment\\\/\",\"url\":\"https:\\\/\\\/belenlawfirm.com\\\/payment\\\/\",\"name\":\"Make A Payment - Belen Law Firm, PLLC\",\"isPartOf\":{\"@id\":\"https:\\\/\\\/belenlawfirm.com\\\/es\\\/#website\"},\"datePublished\":\"2023-03-23T19:39:19+00:00\",\"dateModified\":\"2025-07-29T16:59:44+00:00\",\"breadcrumb\":{\"@id\":\"https:\\\/\\\/belenlawfirm.com\\\/payment\\\/#breadcrumb\"},\"inLanguage\":\"es\"},{\"@type\":\"WebSite\",\"@id\":\"https:\\\/\\\/belenlawfirm.com\\\/es\\\/#website\",\"url\":\"https:\\\/\\\/belenlawfirm.com\\\/es\\\/\",\"name\":\"Belen Law Firm - Criminal Defense Attorney Phoenix\",\"description\":\"Phoenix Criminal Defense Attorney and Law Firm\",\"publisher\":{\"@id\":\"https:\\\/\\\/belenlawfirm.com\\\/es\\\/#organization\"},\"potentialAction\":[{\"@type\":\"SearchAction\",\"target\":{\"@type\":\"EntryPoint\",\"urlTemplate\":\"https:\\\/\\\/belenlawfirm.com\\\/es\\\/?s={search_term_string}\"},\"query-input\":{\"@type\":\"PropertyValueSpecification\",\"valueRequired\":true,\"valueName\":\"search_term_string\"}}],\"inLanguage\":\"es\"},{\"@type\":\"Organization\",\"@id\":\"https:\\\/\\\/belenlawfirm.com\\\/es\\\/#organization\",\"name\":\"Belen Law Firm\",\"url\":\"https:\\\/\\\/belenlawfirm.com\\\/es\\\/\",\"logo\":{\"@type\":\"ImageObject\",\"inLanguage\":\"es\",\"@id\":\"https:\\\/\\\/belenlawfirm.com\\\/es\\\/#\\\/schema\\\/logo\\\/image\\\/\",\"url\":\"\\\/wp-content\\\/uploads\\\/2019\\\/06\\\/BELEN-LAW-FIRM_LOGO-BLK.png\",\"contentUrl\":\"\\\/wp-content\\\/uploads\\\/2019\\\/06\\\/BELEN-LAW-FIRM_LOGO-BLK.png\",\"width\":544,\"height\":94,\"caption\":\"Belen Law Firm\"},\"image\":{\"@id\":\"https:\\\/\\\/belenlawfirm.com\\\/es\\\/#\\\/schema\\\/logo\\\/image\\\/\"}}]}<\/script>\n<!-- \/ Yoast SEO plugin. -->","yoast_head_json":{"title":"Make A Payment - Belen Law Firm, PLLC","description":"Realice un pago a Belen Law Firm a trav\u00e9s de nuestro portal en l\u00ednea aqu\u00ed. Para hablar con un abogado penalista de nuestro bufete, llame hoy al 602-715-0908.","robots":{"index":"index","follow":"follow","max-snippet":"max-snippet:-1","max-image-preview":"max-image-preview:large","max-video-preview":"max-video-preview:-1"},"canonical":"https:\/\/belenlawfirm.com\/es\/payment\/","og_locale":"es_MX","og_type":"article","og_title":"Make A Payment - Belen Law Firm, PLLC","og_description":"Make a payment to Belen Law Firm via our online portal here. To speak to a criminal lawyer at our firm, call today.","og_url":"https:\/\/belenlawfirm.com\/es\/payment\/","og_site_name":"Belen Law Firm - Criminal Defense Attorney Phoenix","article_modified_time":"2025-07-29T16:59:44+00:00","twitter_card":"summary_large_image","twitter_misc":{"Tiempo de lectura":"1 minuto"},"schema":{"@context":"https:\/\/schema.org","@graph":[{"@type":"WebPage","@id":"https:\/\/belenlawfirm.com\/payment\/","url":"https:\/\/belenlawfirm.com\/payment\/","name":"Make A Payment - Belen Law Firm, PLLC","isPartOf":{"@id":"https:\/\/belenlawfirm.com\/es\/#website"},"datePublished":"2023-03-23T19:39:19+00:00","dateModified":"2025-07-29T16:59:44+00:00","breadcrumb":{"@id":"https:\/\/belenlawfirm.com\/payment\/#breadcrumb"},"inLanguage":"es"},{"@type":"WebSite","@id":"https:\/\/belenlawfirm.com\/es\/#website","url":"https:\/\/belenlawfirm.com\/es\/","name":"Bufete de abogados Belen - Abogado de defensa criminal en Phoenix","description":"Abogada de defensa criminal y bufete de abogadas en Phoenix","publisher":{"@id":"https:\/\/belenlawfirm.com\/es\/#organization"},"potentialAction":[{"@type":"SearchAction","target":{"@type":"EntryPoint","urlTemplate":"https:\/\/belenlawfirm.com\/es\/?s={search_term_string}"},"query-input":{"@type":"PropertyValueSpecification","valueRequired":true,"valueName":"search_term_string"}}],"inLanguage":"es"},{"@type":"Organization","@id":"https:\/\/belenlawfirm.com\/es\/#organization","name":"Bufete de abogadas Bel\u00e9n","url":"https:\/\/belenlawfirm.com\/es\/","logo":{"@type":"ImageObject","inLanguage":"es","@id":"https:\/\/belenlawfirm.com\/es\/#\/schema\/logo\/image\/","url":"\/wp-content\/uploads\/2019\/06\/BELEN-LAW-FIRM_LOGO-BLK.png","contentUrl":"\/wp-content\/uploads\/2019\/06\/BELEN-LAW-FIRM_LOGO-BLK.png","width":544,"height":94,"caption":"Belen Law Firm"},"image":{"@id":"https:\/\/belenlawfirm.com\/es\/#\/schema\/logo\/image\/"}}]}},"_links":{"self":[{"href":"https:\/\/belenlawfirm.com\/es\/wp-json\/wp\/v2\/pages\/210262","targetHints":{"allow":["GET"]}}],"collection":[{"href":"https:\/\/belenlawfirm.com\/es\/wp-json\/wp\/v2\/pages"}],"about":[{"href":"https:\/\/belenlawfirm.com\/es\/wp-json\/wp\/v2\/types\/page"}],"author":[{"embeddable":true,"href":"https:\/\/belenlawfirm.com\/es\/wp-json\/wp\/v2\/users\/28"}],"replies":[{"embeddable":true,"href":"https:\/\/belenlawfirm.com\/es\/wp-json\/wp\/v2\/comments?post=210262"}],"version-history":[{"count":0,"href":"https:\/\/belenlawfirm.com\/es\/wp-json\/wp\/v2\/pages\/210262\/revisions"}],"wp:featuredmedia":[{"embeddable":true,"href":"https:\/\/belenlawfirm.com\/es\/wp-json\/wp\/v2\/media\/211045"}],"wp:attachment":[{"href":"https:\/\/belenlawfirm.com\/es\/wp-json\/wp\/v2\/media?parent=210262"}],"curies":[{"name":"palabra clave","href":"https:\/\/api.w.org\/{rel}","templated":true}]}}